{"id":2,"date":"2019-03-26T05:29:44","date_gmt":"2019-03-26T04:29:44","guid":{"rendered":"http:\/\/gerasdorf-oldtimer-classic.at\/?page_id=2"},"modified":"2026-05-05T16:21:48","modified_gmt":"2026-05-05T14:21:48","slug":"gerasdorfer-oldtimer-classic","status":"publish","type":"page","link":"https:\/\/gerasdorf-oldtimer-classic.at\/","title":{"rendered":"Die Motoren laufen warm \u2013 wir sind startklar!"},"content":{"rendered":"\n<p>Die Gerasdorf Oldtimer Classic geht in die n\u00e4chste Runde, und eines k\u00f6nnen wir schon jetzt sagen: <strong>Die Veranstaltung findet statt \u2013 und die Anmeldung ist ab sofort ge\u00f6ffnet.<\/strong><\/p>\n\n\n\n<p>Nach den gro\u00dfartigen Erfolgen der vergangenen Jahre \u2013 mit hunderten Teilnehmern, begeisterten Zuschauern entlang der Strecke und einer Atmosph\u00e4re, die man nur bei echten Oldtimer\u2011Events erlebt \u2013 freuen wir uns, euch wieder zu einer unvergesslichen Ausfahrt begr\u00fc\u00dfen zu d\u00fcrfen.<\/p>\n\n\n\n<p>Auch heuer erwarten euch:<\/p>\n\n\n\n<ul class=\"wp-block-list\">\n<li>eine <strong>liebevoll ausgearbeitete Strecke<\/strong> durch das Weinviertel und die Region rund um Gerasdorf<\/li>\n\n\n\n<li><strong>spannende Gleichm\u00e4\u00dfigkeitspr\u00fcfungen<\/strong>, die Fahrgef\u00fchl und Pr\u00e4zision fordern<\/li>\n\n\n\n<li>ein <strong>herzliches Miteinander<\/strong> von Oldtimer\u2011Fans, Sammlern, Fahrern und Familien<\/li>\n\n\n\n<li>ein <strong>stimmungsvolles Rahmenprogramm<\/strong> am Start- und Zielgel\u00e4nde<\/li>\n<\/ul>\n\n\n\n<p>Die Gerasdorf Oldtimer Classic hat sich in den letzten Jahren zu einem Fixpunkt f\u00fcr Enthusiasten entwickelt \u2013 nicht nur wegen der Fahrzeuge, sondern wegen der besonderen Mischung aus Leidenschaft, Gemeinschaft und perfekter Organisation.<\/p>\n\n\n\n<p>Und jetzt ist es wieder so weit: <strong>Meldet euch an, sichert euch euren Startplatz und seid Teil der n\u00e4chsten GOC!<\/strong><\/p>\n\n\n\n<p>Wir freuen uns auf euch \u2013 <strong>Euer Gerasdorf Oldtimer Classic Team<\/strong><\/p>\n\n\n\n<div class=\"wp-block-buttons is-content-justification-center is-layout-flex wp-container-core-buttons-is-layout-a89b3969 wp-block-buttons-is-layout-flex\">\n<div class=\"wp-block-button\"><a class=\"wp-block-button__link has-text-align-center wp-element-button\" href=\"https:\/\/gerasdorf-oldtimer-classic.at\/index.php\/anmeldung-nennung\/\">Anmeldung 2026<\/a><\/div>\n<\/div>\n\n\n\n<div data-gkit-id=\"16\" class=\"wp-block-gridkit-shortcode wp-block-gridkit-shortcode-16\">\n\t\t<style>\n            <\/style>\n\n    \n<div id=\"gkit-slider-16\" class=\"gkit-slider-layout \">\n        <div class=\"owl-carousel\">\n                                <div class=\"gkit-slider-cell\">\n                            <div class=\"gkit-slider-image-wrapper gkit-slider-cell-content gkit-slider-cell-heightee\">\n                                <div class=\"gkit-slider-image\" style=\"background-image: url(https:\/\/gerasdorf-oldtimer-classic.at\/wp-content\/uploads\/BMW-M1.webp)\"><\/div>                            <\/div>\n                                                    <\/div>\n                                                <div class=\"gkit-slider-cell\">\n                            <div class=\"gkit-slider-image-wrapper gkit-slider-cell-content gkit-slider-cell-heightee\">\n                                <div class=\"gkit-slider-image\" style=\"background-image: url(https:\/\/gerasdorf-oldtimer-classic.at\/wp-content\/uploads\/DSC03333-scaled.webp)\"><\/div>                            <\/div>\n                                                    <\/div>\n                                                <div class=\"gkit-slider-cell\">\n                            <div class=\"gkit-slider-image-wrapper gkit-slider-cell-content gkit-slider-cell-heightee\">\n                                <div class=\"gkit-slider-image\" style=\"background-image: url(https:\/\/gerasdorf-oldtimer-classic.at\/wp-content\/uploads\/20250927_175334.webp)\"><\/div>                            <\/div>\n                                                    <\/div>\n                                                <div class=\"gkit-slider-cell\">\n                            <div class=\"gkit-slider-image-wrapper gkit-slider-cell-content gkit-slider-cell-heightee\">\n                                <div class=\"gkit-slider-image\" style=\"background-image: url(https:\/\/gerasdorf-oldtimer-classic.at\/wp-content\/uploads\/20250927_095951.webp)\"><\/div>                            <\/div>\n                                                    <\/div>\n                                                <div class=\"gkit-slider-cell\">\n                            <div class=\"gkit-slider-image-wrapper gkit-slider-cell-content gkit-slider-cell-heightee\">\n                                <div class=\"gkit-slider-image\" style=\"background-image: url(https:\/\/gerasdorf-oldtimer-classic.at\/wp-content\/uploads\/Matz_DSC05672.webp)\"><\/div>                            <\/div>\n                                                    <\/div>\n                                                <div class=\"gkit-slider-cell\">\n                            <div class=\"gkit-slider-image-wrapper gkit-slider-cell-content gkit-slider-cell-heightee\">\n                                <div class=\"gkit-slider-image\" style=\"background-image: url(https:\/\/gerasdorf-oldtimer-classic.at\/wp-content\/uploads\/DSC03465.webp)\"><\/div>                            <\/div>\n                                                    <\/div>\n                                                <div class=\"gkit-slider-cell\">\n                            <div class=\"gkit-slider-image-wrapper gkit-slider-cell-content gkit-slider-cell-heightee\">\n                                <div class=\"gkit-slider-image\" style=\"background-image: url(https:\/\/gerasdorf-oldtimer-classic.at\/wp-content\/uploads\/DSC03413.webp)\"><\/div>                            <\/div>\n                                                    <\/div>\n                                                <div class=\"gkit-slider-cell\">\n                            <div class=\"gkit-slider-image-wrapper gkit-slider-cell-content gkit-slider-cell-heightee\">\n                                <div class=\"gkit-slider-image\" style=\"background-image: url(https:\/\/gerasdorf-oldtimer-classic.at\/wp-content\/uploads\/DSC03251.webp)\"><\/div>                            <\/div>\n                                                    <\/div>\n                                                <div class=\"gkit-slider-cell\">\n                            <div class=\"gkit-slider-image-wrapper gkit-slider-cell-content gkit-slider-cell-heightee\">\n                                <div class=\"gkit-slider-image\" style=\"background-image: url(https:\/\/gerasdorf-oldtimer-classic.at\/wp-content\/uploads\/DSC03241-scaled.webp)\"><\/div>                            <\/div>\n                                                    <\/div>\n                                                <div class=\"gkit-slider-cell\">\n                            <div class=\"gkit-slider-image-wrapper gkit-slider-cell-content gkit-slider-cell-heightee\">\n                                <div class=\"gkit-slider-image\" style=\"background-image: url(https:\/\/gerasdorf-oldtimer-classic.at\/wp-content\/uploads\/DSC03234.webp)\"><\/div>                            <\/div>\n                                                    <\/div>\n                                                <div class=\"gkit-slider-cell\">\n                            <div class=\"gkit-slider-image-wrapper gkit-slider-cell-content gkit-slider-cell-heightee\">\n                                <div class=\"gkit-slider-image\" style=\"background-image: url(https:\/\/gerasdorf-oldtimer-classic.at\/wp-content\/uploads\/DSC03210.webp)\"><\/div>                            <\/div>\n                                                    <\/div>\n                                                <div class=\"gkit-slider-cell\">\n                            <div class=\"gkit-slider-image-wrapper gkit-slider-cell-content gkit-slider-cell-heightee\">\n                                <div class=\"gkit-slider-image\" style=\"background-image: url(https:\/\/gerasdorf-oldtimer-classic.at\/wp-content\/uploads\/DSC03202-scaled.webp)\"><\/div>                            <\/div>\n                                                    <\/div>\n                                                <div class=\"gkit-slider-cell\">\n                            <div class=\"gkit-slider-image-wrapper gkit-slider-cell-content gkit-slider-cell-heightee\">\n                                <div class=\"gkit-slider-image\" style=\"background-image: url(https:\/\/gerasdorf-oldtimer-classic.at\/wp-content\/uploads\/DSC03160.webp)\"><\/div>                            <\/div>\n                                                    <\/div>\n                                                <div class=\"gkit-slider-cell\">\n                            <div class=\"gkit-slider-image-wrapper gkit-slider-cell-content gkit-slider-cell-heightee\">\n                                <div class=\"gkit-slider-image\" style=\"background-image: url(https:\/\/gerasdorf-oldtimer-classic.at\/wp-content\/uploads\/DSC03022-2.webp)\"><\/div>                            <\/div>\n                                                    <\/div>\n                                                <div class=\"gkit-slider-cell\">\n                            <div class=\"gkit-slider-image-wrapper gkit-slider-cell-content gkit-slider-cell-heightee\">\n                                <div class=\"gkit-slider-image\" style=\"background-image: url(https:\/\/gerasdorf-oldtimer-classic.at\/wp-content\/uploads\/20250927_1809260.webp)\"><\/div>                            <\/div>\n                                                    <\/div>\n                                                <div class=\"gkit-slider-cell\">\n                            <div class=\"gkit-slider-image-wrapper gkit-slider-cell-content gkit-slider-cell-heightee\">\n                                <div class=\"gkit-slider-image\" style=\"background-image: url(https:\/\/gerasdorf-oldtimer-classic.at\/wp-content\/uploads\/20250927_180107.webp)\"><\/div>                            <\/div>\n                                                    <\/div>\n                                                <div class=\"gkit-slider-cell\">\n                            <div class=\"gkit-slider-image-wrapper gkit-slider-cell-content gkit-slider-cell-heightee\">\n                                <div class=\"gkit-slider-image\" style=\"background-image: url(https:\/\/gerasdorf-oldtimer-classic.at\/wp-content\/uploads\/20250927_175439.webp)\"><\/div>                            <\/div>\n                                                    <\/div>\n                            <\/div>\n<\/div>\n\n\n<script>\n    gkitWinReady(function(){\n\n        var settings = {\n            lazyLoad: true,\n            items: 1,\n            margin: 10,\n            center: false,\n            loop: true,\n            autoplay: true,\n            autoplayTimeout: 5000,\n            autoplayHoverPause: true,\n            mouseDrag: true,\n            touchDrag: true,\n            nav: false,\n            dots: true,\n            dotsEach: false\n        };\n                    settings.autoHeight = false;\n            settings.animateOut = 'fadeOut';\n            settings.animateIn = 'fadeIn';\n        \n        \n        var gkitSLider = jQuery('#gkit-slider-16 .owl-carousel').owlCarousel(settings);\n\n        jQuery('#gkit-slider-16 .gkit-slider-ctrl-prev').click(function() {\n            jQuery(this).closest('.gkit-slider-layout').find('.owl-carousel').trigger('prev.owl.carousel');\n        });\n\n        gkitSLider.on('changed.owl.carousel', function(event) {\n            jQuery(\"#gkit-slider-16 .gkit-info-opened .gkit-slider-info-toggle\").click();\n        });\n\n        jQuery('#gkit-slider-16 .gkit-slider-ctrl-next').click(function() {\n            jQuery(this).closest('.gkit-slider-layout').find('.owl-carousel').trigger('next.owl.carousel');\n        });\n\n        jQuery(window).resize(function(){\n            gkit_AdjustSlider(jQuery(\"#gkit-slider-16\"));\n        });\n\n        gkit_AdjustSlider(jQuery(\"#gkit-slider-16\"));\n\n        jQuery('#gkit-slider-16 .gkit-slider-info-toggle').click(function(){\n            var caption = jQuery(this).closest('.gkit-slider-overlay-caption');\n            caption.toggleClass('gkit-info-opened');\n            if (caption.hasClass('gkit-info-opened')) {\n                jQuery('.gkit-slider-info-toggle', caption).removeClass('fa-angle-down');\n                jQuery('.gkit-slider-info-toggle', caption).addClass('fa-angle-up');\n                jQuery('#gkit-slider-16 .gkit-slider-ctrl').animate({opacity: 0}, 100);\n            } else {\n                jQuery('.gkit-slider-info-toggle', caption).addClass('fa-angle-down');\n                jQuery('.gkit-slider-info-toggle', caption).removeClass('fa-angle-up');\n                jQuery('#gkit-slider-16 .gkit-slider-ctrl').animate({opacity: 1}, 100);\n            }\n            return false;\n        });\n\n            });\n<\/script>\n<\/div>\n\n\n\n<div class=\"wp-block-group alignfull has-accent-5-background-color has-background has-global-padding is-layout-constrained wp-container-core-group-is-layout-d89aad35 wp-block-group-is-layout-constrained\" style=\"margin-top:0;margin-bottom:0;padding-top:var(--wp--preset--spacing--50);padding-right:var(--wp--preset--spacing--50);padding-bottom:var(--wp--preset--spacing--50);padding-left:var(--wp--preset--spacing--50)\">\n<div class=\"wp-block-columns alignwide is-layout-flex wp-container-core-columns-is-layout-1da03c2a wp-block-columns-is-layout-flex\">\n<div class=\"wp-block-column is-layout-flow wp-block-column-is-layout-flow\"><\/div>\n\n\n\n<div class=\"wp-block-column is-layout-flow wp-block-column-is-layout-flow\"><\/div>\n<\/div>\n<\/div>\n","protected":false},"excerpt":{"rendered":"<p>Die Gerasdorf Oldtimer Classic geht in die n\u00e4chste Runde, und eines k\u00f6nnen wir schon jetzt sagen: Die Veranstaltung findet statt \u2013 und die Anmeldung ist ab sofort ge\u00f6ffnet. Nach den gro\u00dfartigen Erfolgen der vergangenen Jahre \u2013 mit hunderten Teilnehmern, begeisterten Zuschauern entlang der Strecke und einer Atmosph\u00e4re, die man nur bei echten Oldtimer\u2011Events erlebt \u2013 [&hellip;]<\/p>\n","protected":false},"author":1,"featured_media":0,"parent":0,"menu_order":0,"comment_status":"closed","ping_status":"closed","template":"page-no-title","meta":{"footnotes":""},"class_list":["post-2","page","type-page","status-publish","hentry"],"_links":{"self":[{"href":"https:\/\/gerasdorf-oldtimer-classic.at\/index.php\/wp-json\/wp\/v2\/pages\/2","targetHints":{"allow":["GET"]}}],"collection":[{"href":"https:\/\/gerasdorf-oldtimer-classic.at\/index.php\/wp-json\/wp\/v2\/pages"}],"about":[{"href":"https:\/\/gerasdorf-oldtimer-classic.at\/index.php\/wp-json\/wp\/v2\/types\/page"}],"author":[{"embeddable":true,"href":"https:\/\/gerasdorf-oldtimer-classic.at\/index.php\/wp-json\/wp\/v2\/users\/1"}],"replies":[{"embeddable":true,"href":"https:\/\/gerasdorf-oldtimer-classic.at\/index.php\/wp-json\/wp\/v2\/comments?post=2"}],"version-history":[{"count":43,"href":"https:\/\/gerasdorf-oldtimer-classic.at\/index.php\/wp-json\/wp\/v2\/pages\/2\/revisions"}],"predecessor-version":[{"id":5296,"href":"https:\/\/gerasdorf-oldtimer-classic.at\/index.php\/wp-json\/wp\/v2\/pages\/2\/revisions\/5296"}],"wp:attachment":[{"href":"https:\/\/gerasdorf-oldtimer-classic.at\/index.php\/wp-json\/wp\/v2\/media?parent=2"}],"curies":[{"name":"wp","href":"https:\/\/api.w.org\/{rel}","templated":true}]}}