{"id":106,"date":"2019-04-29T19:28:49","date_gmt":"2019-04-29T17:28:49","guid":{"rendered":"http:\/\/gerasdorf-oldtimer-classic.at\/?page_id=106"},"modified":"2025-03-10T23:20:33","modified_gmt":"2025-03-10T22:20:33","slug":"impressum","status":"publish","type":"page","link":"https:\/\/gerasdorf-oldtimer-classic.at\/index.php\/impressum\/","title":{"rendered":"Impressum"},"content":{"rendered":"\n<h3 class=\"wp-block-heading\">Medieninhaber &amp; Seiteninhaber <br><\/h3>\n\n\n\n<p><em><strong>Verein Gerasdorfer Sport Freunde<\/strong><\/em><br>Dr. Josef Piringergasse 34<br>2201 Gerasdorf bei Wien<br><br><strong>Telefon: <\/strong>0676\/340 08 04 (nicht f\u00fcr allgemeine Anfragen)<br><strong>E-Mail:<\/strong> <a href=\"mailto:info@gerasdorf-oldtimer-classic.at\">info@gerasdorf-oldtimer-classic.at<\/a><br><br><strong>Obmann:<\/strong> Thomas Hochschorner<br><strong>Obmann Stellvertreter:<\/strong> Ing. Dominik Hochschorner<br><strong>Kassier:<\/strong> Alfred Kovacs<br><strong>Schriftf\u00fchrer:<\/strong> Harald Jansky<br><strong>Kontrolle:<\/strong> Dela Hochschorner<br><strong>Presse:<\/strong> Verena Haumberger<\/p>\n\n\n\n<p><strong>Rechtsform:<\/strong> Verein<br><strong>ZVR-Zahl:<\/strong> 1317132034<br><strong>Blattlinie:<\/strong> Informationen \u00fcber  Veranstaltungen, Ausschreibungen zu Veranstaltungen, Start- und Ergebnislisten<\/p>\n\n\n\n<p><strong>Kontoverbindung: <\/strong>Verein Gerasdorfer Sportfreunde<br>RAIFFEISEN-REGIONALBANK G\u00c4NSERNDORF, Bankstelle Gerasdorf<br>AT71 3209 2000 0065 7460<\/p>\n\n\n\n<h3 class=\"wp-block-heading\">Datenschutzmitteilung (Privacy Policy)<\/h3>\n\n\n\n<p>Soweit auf diesen Seiten personenbezogene Daten erhoben werden, erfolgt  dies stets auf freiwilliger Basis. Die Nutzung der Angebote und Dienste  ist, soweit m\u00f6glich, stets ohne Angabe personenbezogener Daten m\u00f6glich.<\/p>\n\n\n\n<p><strong>Der Verein Gerasdorfer Sportfreunde <\/strong>achtet die  Privatsph\u00e4re der Nutzerinnen und Nutzer. Alle Angaben werden  entsprechend den geltenden datenschutzrechtlichen Bestimmungen  vertraulich behandelt. Personenbezogene Daten werden nicht an Dritte  weitergegeben.<\/p>\n\n\n\n<p>F\u00fcr externe Links und deren Inhalte ist jegliche Haftung ausgeschlossen!<\/p>\n\n\n\n<p>Der Schutz Ihrer pers\u00f6nlichen Daten ist uns ein besonderes Anliegen.  Wir verarbeiten Ihre Daten daher ausschlie\u00dflich auf Grundlage der  gesetzlichen Bestimmungen (DSGVO, TKG 2003). In diesen  Datenschutzinformationen informieren wir Sie \u00fcber die wichtigsten  Aspekte der Datenverarbeitung im Rahmen unserer Website.<\/p>\n\n\n\n<p><strong>Kontakt mit uns<\/strong><br>Wenn Sie per E-Mail Kontakt mit uns  aufnehmen, werden Ihre angegebenen Daten zwecks Bearbeitung der Anfrage  und f\u00fcr den Fall von Anschlussfragen zw\u00f6lf Monate bei uns gespeichert.  Diese Daten geben wir nicht ohne Ihre Einwilligung weiter.<\/p>\n\n\n\n<p><strong>Cookies<\/strong><br>Auf dieser Website werden sogenannte Cookies verwendet. Ein Cookie ist  eine kleine Datei, die auf Ihrem Computer gespeichert werden kann, wenn  Sie eine Website besuchen. Grunds\u00e4tzlich werden Cookies verwendet, um  Nutzern zus\u00e4tzliche Funktionen auf einer Website zu bieten. Sie k\u00f6nnen  zum Beispiel verwendet werden, um Ihnen die Navigation auf einer Website  zu erleichtern, es Ihnen zu erm\u00f6glichen, eine Website dort weiter zu  verwenden, wo Sie sie verlassen haben und\/oder Ihre Pr\u00e4ferenzen und  Einstellungen zu speichern, wenn Sie die Website wieder besuchen.  Cookies k\u00f6nnen auf keine anderen Daten auf Ihrem Computer zugreifen,  diese lesen oder ver\u00e4ndern. Die meisten der Cookies auf dieser Website  sind sogenannte Session-Cookies. Sie werden automatisch gel\u00f6scht, wenn  Sie unsere Website wieder verlassen. Dauerhafte Cookies hingegen bleiben  auf Ihrem Computer, bis Sie sie manuell in Ihrem Browser l\u00f6schen. Wir  verwenden solche dauerhaften Cookies, um Sie wieder zu erkennen, wenn  Sie unsere Website das n\u00e4chste Mal besuchen. Wenn Sie Cookies auf Ihrem  Computer kontrollieren wollen, k\u00f6nnen Sie Ihre Browser-Einstellungen so  w\u00e4hlen, dass Sie eine Benachrichtigung bekommen, wenn ein Website  Cookies speichern will. Sie k\u00f6nnen Cookies auch blockieren oder l\u00f6schen,  wenn sie bereits auf Ihrem Computer gespeichert wurden. Wenn Sie mehr  dar\u00fcber wissen m\u00f6chten, wie Sie diese Schritte setzen k\u00f6nnen, ben\u00fctzen  Sie bitte die \u201eHilfe\u201c-Funktion in Ihrem Browser. Beachten Sie bitte,  dass das Blockieren oder L\u00f6schen von Cookies Ihre Online-Erfahrung  beeintr\u00e4chtigen und Sie daran hindern k\u00f6nnte, diese Website vollst\u00e4ndig  zu nutzen.<\/p>\n\n\n\n<p><strong>Ihre Rechte<\/strong><br>Ihnen stehen grunds\u00e4tzlich die Rechte auf Auskunft, Berichtigung,  L\u00f6schung, Einschr\u00e4nkung, Daten\u00fcbertragbarkeit, Widerruf und Widerspruch  zu. Wenn Sie glauben, dass die Verarbeitung Ihrer Daten gegen das  Datenschutzrecht verst\u00f6\u00dft oder Ihre datenschutzrechtlichen Anspr\u00fcche  sonst in einer Weise verletzt worden sind, k\u00f6nnen Sie sich bei der  Aufsichtsbeh\u00f6rde beschweren. In \u00d6sterreich ist dies die  Datenschutzbeh\u00f6rde.<\/p>\n\n\n\n<p><strong>Sie erreichen uns unter folgenden Kontaktdaten:<\/strong><\/p>\n\n\n\n<p><strong>Verein Gerasdorfer Sportfreunde<\/strong><br>Obmann: Thomas Hochschorner<\/p>\n\n\n\n<p>Dr. Josef Piringergasse 32<br>2201 Gerasdorf bei Wien<br> <br> Telefon: 0676\/340 08 04<br> E-Mail: <a href=\"mailto: info@geasdorf-oldtimer-classic.at\">info@gerasdorf-oldtimer-classic.at<\/a><\/p>\n","protected":false},"excerpt":{"rendered":"<p>Medieninhaber &amp; Seiteninhaber Verein Gerasdorfer Sport FreundeDr. Josef Piringergasse 342201 Gerasdorf bei Wien Telefon: 0676\/340 08 04 (nicht f\u00fcr allgemeine Anfragen)E-Mail: info@gerasdorf-oldtimer-classic.at Obmann: Thomas HochschornerObmann Stellvertreter: Ing. Dominik HochschornerKassier: Alfred KovacsSchriftf\u00fchrer: Harald JanskyKontrolle: Dela HochschornerPresse: Verena Haumberger Rechtsform: VereinZVR-Zahl: 1317132034Blattlinie: Informationen \u00fcber Veranstaltungen, Ausschreibungen zu Veranstaltungen, Start- und Ergebnislisten Kontoverbindung: Verein Gerasdorfer SportfreundeRAIFFEISEN-REGIONALBANK G\u00c4NSERNDORF, Bankstelle [&hellip;]<\/p>\n","protected":false},"author":1,"featured_media":0,"parent":0,"menu_order":0,"comment_status":"closed","ping_status":"closed","template":"","meta":{"footnotes":""},"class_list":["post-106","page","type-page","status-publish","hentry"],"_links":{"self":[{"href":"https:\/\/gerasdorf-oldtimer-classic.at\/index.php\/wp-json\/wp\/v2\/pages\/106","targetHints":{"allow":["GET"]}}],"collection":[{"href":"https:\/\/gerasdorf-oldtimer-classic.at\/index.php\/wp-json\/wp\/v2\/pages"}],"about":[{"href":"https:\/\/gerasdorf-oldtimer-classic.at\/index.php\/wp-json\/wp\/v2\/types\/page"}],"author":[{"embeddable":true,"href":"https:\/\/gerasdorf-oldtimer-classic.at\/index.php\/wp-json\/wp\/v2\/users\/1"}],"replies":[{"embeddable":true,"href":"https:\/\/gerasdorf-oldtimer-classic.at\/index.php\/wp-json\/wp\/v2\/comments?post=106"}],"version-history":[{"count":2,"href":"https:\/\/gerasdorf-oldtimer-classic.at\/index.php\/wp-json\/wp\/v2\/pages\/106\/revisions"}],"predecessor-version":[{"id":4699,"href":"https:\/\/gerasdorf-oldtimer-classic.at\/index.php\/wp-json\/wp\/v2\/pages\/106\/revisions\/4699"}],"wp:attachment":[{"href":"https:\/\/gerasdorf-oldtimer-classic.at\/index.php\/wp-json\/wp\/v2\/media?parent=106"}],"curies":[{"name":"wp","href":"https:\/\/api.w.org\/{rel}","templated":true}]}}